{"id":11915,"date":"2023-02-04T18:27:53","date_gmt":"2023-02-04T18:27:53","guid":{"rendered":"https:\/\/kmg-auto.ma\/?page_id=11915"},"modified":"2023-02-05T11:12:16","modified_gmt":"2023-02-05T11:12:16","slug":"notre_equipe","status":"publish","type":"page","link":"https:\/\/kmg-auto.ma\/index.php\/notre_equipe\/","title":{"rendered":"notre_equipe"},"content":{"rendered":"\t\t<div data-elementor-type=\"wp-page\" data-elementor-id=\"11915\" class=\"elementor elementor-11915\">\n\t\t\t\t\t\t<section class=\"elementor-section elementor-top-section elementor-element elementor-element-ebca567 elementor-section-boxed elementor-section-height-default elementor-section-height-default\" data-id=\"ebca567\" data-element_type=\"section\" data-e-type=\"section\">\n\t\t\t\t\t\t<div class=\"elementor-container elementor-column-gap-default\">\n\t\t\t\t\t<div class=\"elementor-column elementor-col-100 elementor-top-column elementor-element elementor-element-dd7434b\" data-id=\"dd7434b\" data-element_type=\"column\" data-e-type=\"column\">\n\t\t\t<div class=\"elementor-widget-wrap elementor-element-populated\">\n\t\t\t\t\t\t<div class=\"elementor-element elementor-element-154c0ed elementor-widget elementor-widget-cdhl_our-team\" data-id=\"154c0ed\" data-element_type=\"widget\" data-e-type=\"widget\" data-widget_type=\"cdhl_our-team.default\">\n\t\t\t\t<div class=\"elementor-widget-container\">\n\t\t\t\t\t<div class=\"cdhl_our-team_wrapper\">\n\t<div class=\"pgs_team style-3\" id=\"154c0ed\">\n\t\t\t\t\t<div class=\"row\">\n\t\t\t\t\t\t\t<div class='col-sm-3'>\n\t\t\t\t\t\t\t\t\t<div class=\"team text-center\">\n\t\t\t\t\t\t<div class=\"team-image\">\n\t\t\t\t\t\t\t\t\t\t\t\t\t\t\t<img decoding=\"async\" src=\"https:\/\/kmg-auto.ma\/wp-content\/uploads\/2017\/01\/Photo-KABBAJ-Organigramme.jpg\" class=\"img-responsive icon\">\n\t\t\t\t\t\t\t\t\t\t\t\t\t\t<\/div>\n\t\t\t\t\t\t<div class=\"team-name\">\n\t\t\t\t\t\t\t<h5 class=\"text-black\">\n\t\t\t\t\t\t\t\t<a href=\"https:\/\/kmg-auto.ma\/index.php\/teams\/khalid-kabbaj\/\">Khalid KABBAJ<\/a>\n\t\t\t\t\t\t\t<\/h5>\n\t\t\t\t\t\t\t<span class='text-black'>Directeur General<\/span>\t\t\t\t\t\t<\/div>\n\t\t\t\t\t<\/div>\n\t\t\t\t\t\t\t\t<\/div>\n\t\t\t\t\t\t<div class='col-sm-3'>\n\t\t\t\t\t\t\t\t\t<div class=\"team text-center\">\n\t\t\t\t\t\t<div class=\"team-image\">\n\t\t\t\t\t\t\t\t\t\t\t\t\t\t\t<img decoding=\"async\" src=\"https:\/\/kmg-auto.ma\/wp-content\/uploads\/2017\/01\/WhatsApp-Image-2023-01-25-at-11.31.10.jpeg\" class=\"img-responsive icon\">\n\t\t\t\t\t\t\t\t\t\t\t\t\t\t<\/div>\n\t\t\t\t\t\t<div class=\"team-name\">\n\t\t\t\t\t\t\t<h5 class=\"text-black\">\n\t\t\t\t\t\t\t\t<a href=\"https:\/\/kmg-auto.ma\/index.php\/teams\/abderrahmane-oudrhiri\/\">Abderrahmane OUDRHIRI<\/a>\n\t\t\t\t\t\t\t<\/h5>\n\t\t\t\t\t\t\t<span class='text-black'>Manager de Site<\/span>\t\t\t\t\t\t<\/div>\n\t\t\t\t\t<\/div>\n\t\t\t\t\t\t\t\t<\/div>\n\t\t\t\t\t\t<div class='col-sm-3'>\n\t\t\t\t\t\t\t\t\t<div class=\"team text-center\">\n\t\t\t\t\t\t<div class=\"team-image\">\n\t\t\t\t\t\t\t\t\t\t\t\t\t\t\t<img decoding=\"async\" src=\"https:\/\/kmg-auto.ma\/wp-content\/uploads\/2017\/01\/WhatsApp-Image-2023-02-04-at-22.31.31.jpeg\" class=\"img-responsive icon\">\n\t\t\t\t\t\t\t\t\t\t\t\t\t\t<\/div>\n\t\t\t\t\t\t<div class=\"team-name\">\n\t\t\t\t\t\t\t<h5 class=\"text-black\">\n\t\t\t\t\t\t\t\t<a href=\"https:\/\/kmg-auto.ma\/index.php\/teams\/abdelaati-el-moutaoifik\/\">Abdelaati EL MOUTAOIFIK<\/a>\n\t\t\t\t\t\t\t<\/h5>\n\t\t\t\t\t\t\t<span class='text-black'>Chef de Ventes<\/span>\t\t\t\t\t\t<\/div>\n\t\t\t\t\t<\/div>\n\t\t\t\t\t\t\t\t<\/div>\n\t\t\t\t\t\t<div class='col-sm-3'>\n\t\t\t\t\t\t\t\t\t<div class=\"team text-center\">\n\t\t\t\t\t\t<div class=\"team-image\">\n\t\t\t\t\t\t\t\t\t\t\t\t\t\t\t<img decoding=\"async\" src=\"https:\/\/kmg-auto.ma\/wp-content\/uploads\/2017\/01\/WhatsApp-Image-2023-01-25-at-11.31.58.jpeg\" class=\"img-responsive icon\">\n\t\t\t\t\t\t\t\t\t\t\t\t\t\t<\/div>\n\t\t\t\t\t\t<div class=\"team-name\">\n\t\t\t\t\t\t\t<h5 class=\"text-black\">\n\t\t\t\t\t\t\t\t<a href=\"https:\/\/kmg-auto.ma\/index.php\/teams\/hassan-sdira\/\">Hassan SDIRA<\/a>\n\t\t\t\t\t\t\t<\/h5>\n\t\t\t\t\t\t\t<span class='text-black'>Directeur technique<\/span>\t\t\t\t\t\t<\/div>\n\t\t\t\t\t<\/div>\n\t\t\t\t\t\t\t\t<\/div>\n\t\t\t\t\t\t\t<\/div>\n\t\t\t\t\t\t\t\t<div class=\"row\">\n\t\t\t\t\t\t\t<div class='col-sm-3'>\n\t\t\t\t\t\t\t\t\t<div class=\"team text-center\">\n\t\t\t\t\t\t<div class=\"team-image\">\n\t\t\t\t\t\t\t\t\t\t\t\t\t\t\t<img decoding=\"async\" src=\"https:\/\/kmg-auto.ma\/wp-content\/uploads\/2017\/01\/IMG-20230204-WA0031.jpg\" class=\"img-responsive icon\">\n\t\t\t\t\t\t\t\t\t\t\t\t\t\t<\/div>\n\t\t\t\t\t\t<div class=\"team-name\">\n\t\t\t\t\t\t\t<h5 class=\"text-black\">\n\t\t\t\t\t\t\t\t<a href=\"https:\/\/kmg-auto.ma\/index.php\/teams\/fatima-bouftas\/\">Fatima BOUFTAS<\/a>\n\t\t\t\t\t\t\t<\/h5>\n\t\t\t\t\t\t\t<span class='text-black'>Vente VO<\/span>\t\t\t\t\t\t<\/div>\n\t\t\t\t\t<\/div>\n\t\t\t\t\t\t\t\t<\/div>\n\t\t\t\t\t\t<div class='col-sm-3'>\n\t\t\t\t\t\t\t\t\t<div class=\"team text-center\">\n\t\t\t\t\t\t<div class=\"team-image\">\n\t\t\t\t\t\t\t\t\t\t\t\t\t\t\t<img decoding=\"async\" src=\"https:\/\/kmg-auto.ma\/wp-content\/plugins\/cardealer-helper-library\/\/images\/elements\/team-member.png\" class=\"img-responsive icon\">\n\t\t\t\t\t\t\t\t\t\t\t\t\t\t<\/div>\n\t\t\t\t\t\t<div class=\"team-name\">\n\t\t\t\t\t\t\t<h5 class=\"text-black\">\n\t\t\t\t\t\t\t\t<a href=\"https:\/\/kmg-auto.ma\/index.php\/teams\/responsable-si\/\">Ghali KABBAJ<\/a>\n\t\t\t\t\t\t\t<\/h5>\n\t\t\t\t\t\t\t<span class='text-black'>Responsable MARKETING<\/span>\t\t\t\t\t\t<\/div>\n\t\t\t\t\t<\/div>\n\t\t\t\t\t\t\t\t<\/div>\n\t\t\t\t\t\t<div class='col-sm-3'>\n\t\t\t\t\t\t\t\t\t<div class=\"team text-center\">\n\t\t\t\t\t\t<div class=\"team-image\">\n\t\t\t\t\t\t\t\t\t\t\t\t\t\t\t<img decoding=\"async\" src=\"https:\/\/kmg-auto.ma\/wp-content\/plugins\/cardealer-helper-library\/\/images\/elements\/team-member.png\" class=\"img-responsive icon\">\n\t\t\t\t\t\t\t\t\t\t\t\t\t\t<\/div>\n\t\t\t\t\t\t<div class=\"team-name\">\n\t\t\t\t\t\t\t<h5 class=\"text-black\">\n\t\t\t\t\t\t\t\t<a href=\"https:\/\/kmg-auto.ma\/index.php\/teams\/community-manager\/\">Community Manager<\/a>\n\t\t\t\t\t\t\t<\/h5>\n\t\t\t\t\t\t\t<span class='text-black'>Community Manager<\/span>\t\t\t\t\t\t<\/div>\n\t\t\t\t\t<\/div>\n\t\t\t\t\t\t\t\t<\/div>\n\t\t\t\t\t\t<div class='col-sm-3'>\n\t\t\t\t\t\t\t\t\t<div class=\"team text-center\">\n\t\t\t\t\t\t<div class=\"team-image\">\n\t\t\t\t\t\t\t\t\t\t\t\t\t\t\t<img decoding=\"async\" src=\"https:\/\/kmg-auto.ma\/wp-content\/plugins\/cardealer-helper-library\/\/images\/elements\/team-member.png\" class=\"img-responsive icon\">\n\t\t\t\t\t\t\t\t\t\t\t\t\t\t<\/div>\n\t\t\t\t\t\t<div class=\"team-name\">\n\t\t\t\t\t\t\t<h5 class=\"text-black\">\n\t\t\t\t\t\t\t\t<a href=\"https:\/\/kmg-auto.ma\/index.php\/teams\/ghali-kabbaj\/\">Responsable SI<\/a>\n\t\t\t\t\t\t\t<\/h5>\n\t\t\t\t\t\t\t<span class='text-black'>Responsable SI et Developpement Web<\/span>\t\t\t\t\t\t<\/div>\n\t\t\t\t\t<\/div>\n\t\t\t\t\t\t\t\t<\/div>\n\t\t\t\t\t\t\t<\/div>\n\t\t\t\t\t<\/div>\n\t<\/div>\n\t\t\t\t<\/div>\n\t\t\t\t<\/div>\n\t\t\t\t\t<\/div>\n\t\t<\/div>\n\t\t\t\t\t<\/div>\n\t\t<\/section>\n\t\t\t\t<section class=\"elementor-section elementor-top-section elementor-element elementor-element-0558ebe elementor-section-boxed elementor-section-height-default elementor-section-height-default\" data-id=\"0558ebe\" data-element_type=\"section\" data-e-type=\"section\">\n\t\t\t\t\t\t<div class=\"elementor-container elementor-column-gap-default\">\n\t\t\t\t\t<div class=\"elementor-column elementor-col-100 elementor-top-column elementor-element elementor-element-790dae1\" data-id=\"790dae1\" data-element_type=\"column\" data-e-type=\"column\">\n\t\t\t<div class=\"elementor-widget-wrap elementor-element-populated\">\n\t\t\t\t\t\t<div class=\"elementor-element elementor-element-6063125 elementor-widget elementor-widget-text-editor\" data-id=\"6063125\" data-element_type=\"widget\" data-e-type=\"widget\" data-widget_type=\"text-editor.default\">\n\t\t\t\t<div class=\"elementor-widget-container\">\n\t\t\t\t\t\t\t\t\t<p>Notre Capital Humain est compos\u00e9 d&#8217;un management jouissant d&#8217;une experience de plusieurs annees au Maroc et \u00e0 l&#8217;Etranger au sein de plusieurs entreprises et plus de 30 collaborateurs aussi comp\u00e9tants et qualifi\u00e9s dans leurs domaines d&#8217;activit\u00e9.<\/p>\t\t\t\t\t\t\t\t<\/div>\n\t\t\t\t<\/div>\n\t\t\t\t\t<\/div>\n\t\t<\/div>\n\t\t\t\t\t<\/div>\n\t\t<\/section>\n\t\t\t\t<\/div>\n\t\t","protected":false},"excerpt":{"rendered":"<p>Khalid KABBAJ Directeur General Abderrahmane OUDRHIRI Manager de Site Abdelaati EL MOUTAOIFIK Chef de Ventes [&hellip;]<\/p>\n","protected":false},"author":1,"featured_media":0,"parent":0,"menu_order":0,"comment_status":"closed","ping_status":"closed","template":"","meta":{"footnotes":""},"class_list":["post-11915","page","type-page","status-publish","hentry"],"_links":{"self":[{"href":"https:\/\/kmg-auto.ma\/index.php\/wp-json\/wp\/v2\/pages\/11915","targetHints":{"allow":["GET"]}}],"collection":[{"href":"https:\/\/kmg-auto.ma\/index.php\/wp-json\/wp\/v2\/pages"}],"about":[{"href":"https:\/\/kmg-auto.ma\/index.php\/wp-json\/wp\/v2\/types\/page"}],"author":[{"embeddable":true,"href":"https:\/\/kmg-auto.ma\/index.php\/wp-json\/wp\/v2\/users\/1"}],"replies":[{"embeddable":true,"href":"https:\/\/kmg-auto.ma\/index.php\/wp-json\/wp\/v2\/comments?post=11915"}],"version-history":[{"count":37,"href":"https:\/\/kmg-auto.ma\/index.php\/wp-json\/wp\/v2\/pages\/11915\/revisions"}],"predecessor-version":[{"id":12053,"href":"https:\/\/kmg-auto.ma\/index.php\/wp-json\/wp\/v2\/pages\/11915\/revisions\/12053"}],"wp:attachment":[{"href":"https:\/\/kmg-auto.ma\/index.php\/wp-json\/wp\/v2\/media?parent=11915"}],"curies":[{"name":"wp","href":"https:\/\/api.w.org\/{rel}","templated":true}]}}